{"id":28790,"date":"2026-03-03T21:03:00","date_gmt":"2026-03-03T18:03:00","guid":{"rendered":"https:\/\/nordicdiy.ee\/epood\/okategoriserad\/sheasmor-raffinerat\/"},"modified":"2026-03-17T21:13:33","modified_gmt":"2026-03-17T18:13:33","slug":"sheasmor-raffinerat","status":"publish","type":"product","link":"https:\/\/nordicdiy.ee\/sv\/epood\/tillverkning-av-tval\/vegetabiliska-oljor-och-smor\/sheasmor-raffinerat\/","title":{"rendered":"Sheasm\u00f6r raffinerat"},"content":{"rendered":"<p><strong>Sheasm\u00f6r (raffinerat she<\/strong> asm\u00f6r) \u00e4r ett av de mest uppskattade v\u00e4xtsm\u00f6ret inom naturkosmetiken. Det utvinns ur n\u00f6tterna fr\u00e5n sheatr\u00e4det (Vitellaria paradoxa) och i raffinerad form \u00e4r det vitt, luktfritt och neutralt, vilket g\u00f6r det till en utm\u00e4rkt bas f\u00f6r en m\u00e4ngd olika kosmetiska produkter. <\/p>\n<p>Sheasm\u00f6r \u00e4r fast vid rumstemperatur, men sm\u00e4lter vid kontakt, vilket ger omedelbar mjukg\u00f6rande och fuktgivande verkan.<\/p>\n<p>Den \u00e4r rik p\u00e5 fettsyror (oljesyra och stearinsyra), vitamin A, E och F samt fytosteroler, vilket ger den starka \u00e5teruppbyggande, antiinflammatoriska och skyddande egenskaper.<\/p>\n<p><strong>Effekter och f\u00f6rdelar<\/strong><\/p>\n<ul>\n<li>\u00c5terfuktar och mjukg\u00f6r huden p\u00e5 djupet<\/li>\n<li>Skyddar huden fr\u00e5n uttorkning<\/li>\n<li>Lugnar irriterad och k\u00e4nslig hud<\/li>\n<li>Fr\u00e4mjar hudens f\u00f6rnyelse och l\u00e4kning<\/li>\n<li>Hj\u00e4lper till att v\u00e5rda torr, str\u00e4v och sprucken hud<\/li>\n<li>Bildar ett skyddande men l\u00e4tt lager p\u00e5 huden<\/li>\n<li>T\u00e4pper inte till poren<\/li>\n<\/ul>\n<p><strong>Anv\u00e4ndning i kosmetika<\/strong><\/p>\n<p>Sheasm\u00f6r \u00e4r mycket m\u00e5ngsidigt och kan anv\u00e4ndas rent eller som en ingrediens:<\/p>\n<ul>\n<li>Kr\u00e4mer f\u00f6r ansikte och kropp<\/li>\n<li>Lotion och balsam f\u00f6r kroppen<\/li>\n<li>L\u00e4ppstift och balsam<\/li>\n<li>Skyddspinnar (t.ex. mot kyla eller vind)<\/li>\n<li>Kroppsformare<\/li>\n<li>H\u00e5rmasker och balsam<\/li>\n<li>Kosmetika f\u00f6r k\u00e4nslig och atopisk hud<\/li>\n<\/ul>\n<p>Tack vare sin neutrala doft blandar den sig v\u00e4l med andra oljor, extrakt och dofter.<\/p>\n<p><strong>Anv\u00e4ndning i tv\u00e5l<\/strong><\/p>\n<p><strong>Sm\u00e4lt och h\u00e4ll tv\u00e5larna (M&amp;P):<\/strong><\/p>\n<p>L\u00e4gg till upp till 1-3%.<\/p>\n<ul>\n<li>F\u00f6rb\u00e4ttrar tv\u00e5lens v\u00e5rdande och \u00e5terfuktande egenskaper<\/li>\n<li>Ger en lyxig och mjuk hudk\u00e4nsla<\/li>\n<li>Alltf\u00f6r stora m\u00e4ngder kan g\u00f6ra tv\u00e5len mjuk<\/li>\n<\/ul>\n<p><strong>Tv\u00e5lar f\u00f6r kall och varm process (CP\/HP):<\/strong><\/p>\n<p>Den rekommenderade m\u00e4ngden \u00e4r 5-15% tv\u00e5lfett.<\/p>\n<p>Ger tv\u00e5l till:<\/p>\n<ul>\n<li>H\u00e5rdhet<\/li>\n<li>\u00e5terfuktande och v\u00e5rdande egenskaper<\/li>\n<li>Ger inte ett starkt l\u00f6dder - kombinera med kokosolja eller ricinolja f\u00f6r att f\u00e5 ett l\u00f6dder med stora bubblor.<\/li>\n<\/ul>\n<p><strong>Anv\u00e4nds i massageprodukter<\/strong><\/p>\n<ul>\n<li>L\u00e4mplig f\u00f6r massagebad och kroppslotioner<\/li>\n<li>Sm\u00e4lter l\u00e5ngsamt och j\u00e4mnt p\u00e5 huden<\/li>\n<li>Ger djup \u00e5terfuktning och skydd<\/li>\n<li>S\u00e4rskilt l\u00e4mplig f\u00f6r torr och k\u00e4nslig hud.<\/li>\n<\/ul>\n<p><strong>Funktioner<\/strong><\/p>\n<ul>\n<li>Vit och luktfri<\/li>\n<li>Fast vid rumstemperatur<\/li>\n<li>Sm\u00e4lter vid kroppstemperatur<\/li>\n<li>God stabilitet<\/li>\n<\/ul>\n<p>F\u00f6rvaring. F\u00f6rvara p\u00e5 en torr och sval plats, skyddad fr\u00e5n direkt solljus. <\/p>\n<p>H\u00e5llbarhetstid. Upp till 24 m\u00e5nader (beroende p\u00e5 f\u00f6rvaringsf\u00f6rh\u00e5llanden). <\/p>\n<p>INCI: BUTYROSPERMUM PARKII SM\u00d6R<\/p>\n","protected":false},"excerpt":{"rendered":"<p data-start=\"143\" data-end=\"356\">Sheasm\u00f6r (raffinerat) \u00e4r ett doftfritt, vitt vegetabiliskt fett som \u00e5terfuktar, skyddar och \u00e5terst\u00e4ller huden. Det \u00e4r l\u00e4mpligt f\u00f6r alla hudtyper och \u00e4r en idealisk ingrediens i kr\u00e4mer, body butters, tv\u00e5lar och h\u00e5rv\u00e5rdsprodukter. <\/p>\n<p data-start=\"358\" data-end=\"445\">Tv\u00e5len ger h\u00e5rdhet och \u00e5terfuktande egenskaper - rekommenderas att anv\u00e4nda <strong data-start=\"425\" data-end=\"434\">5-15%<\/strong> i receptet.<\/p>\n","protected":false},"featured_media":28839,"template":"","meta":{"site-sidebar-layout":"default","site-content-layout":"","ast-site-content-layout":"default","site-content-style":"default","site-sidebar-style":"default","ast-global-header-display":"","ast-banner-title-visibility":"","ast-main-header-display":"","ast-hfb-above-header-display":"","ast-hfb-below-header-display":"","ast-hfb-mobile-header-display":"","site-post-title":"","ast-breadcrumbs-content":"","ast-featured-img":"","footer-sml-layout":"","ast-disable-related-posts":"","theme-transparent-header-meta":"default","adv-header-id-meta":"","stick-header-meta":"default","header-above-stick-meta":"","header-main-stick-meta":"","header-below-stick-meta":"","astra-migrate-meta-layouts":"default","ast-page-background-enabled":"default","ast-page-background-meta":{"desktop":{"background-color":"","background-image":"","background-repeat":"repeat","background-position":"center center","background-size":"auto","background-attachment":"scroll","background-type":"","background-media":"","overlay-type":"","overlay-color":"","overlay-opacity":"","overlay-gradient":""},"tablet":{"background-color":"","background-image":"","background-repeat":"repeat","background-position":"center center","background-size":"auto","background-attachment":"scroll","background-type":"","background-media":"","overlay-type":"","overlay-color":"","overlay-opacity":"","overlay-gradient":""},"mobile":{"background-color":"","background-image":"","background-repeat":"repeat","background-position":"center center","background-size":"auto","background-attachment":"scroll","background-type":"","background-media":"","overlay-type":"","overlay-color":"","overlay-opacity":"","overlay-gradient":""}},"ast-content-background-meta":{"desktop":{"background-color":"var(--ast-global-color-5)","background-image":"","background-repeat":"repeat","background-position":"center center","background-size":"auto","background-attachment":"scroll","background-type":"","background-media":"","overlay-type":"","overlay-color":"","overlay-opacity":"","overlay-gradient":""},"tablet":{"background-color":"var(--ast-global-color-5)","background-image":"","background-repeat":"repeat","background-position":"center center","background-size":"auto","background-attachment":"scroll","background-type":"","background-media":"","overlay-type":"","overlay-color":"","overlay-opacity":"","overlay-gradient":""},"mobile":{"background-color":"var(--ast-global-color-5)","background-image":"","background-repeat":"repeat","background-position":"center center","background-size":"auto","background-attachment":"scroll","background-type":"","background-media":"","overlay-type":"","overlay-color":"","overlay-opacity":"","overlay-gradient":""}}},"product_brand":[],"product_cat":[276,415,213,396],"product_tag":[],"class_list":{"0":"post-28790","1":"product","2":"type-product","3":"status-publish","4":"has-post-thumbnail","6":"product_cat-beredning-av-kosmetika","7":"product_cat-rea","8":"product_cat-tillverkning-av-tval","9":"product_cat-vegetabiliska-oljor-och-smor","10":"desktop-align-left","11":"tablet-align-left","12":"mobile-align-left","13":"ast-product-gallery-layout-horizontal","14":"ast-product-gallery-with-no-image","15":"ast-product-single-variable","16":"ast-product-tabs-layout-horizontal","18":"first","19":"instock","20":"taxable","21":"shipping-taxable","22":"purchasable","23":"product-type-variable"},"_links":{"self":[{"href":"https:\/\/nordicdiy.ee\/sv\/wp-json\/wp\/v2\/product\/28790","targetHints":{"allow":["GET"]}}],"collection":[{"href":"https:\/\/nordicdiy.ee\/sv\/wp-json\/wp\/v2\/product"}],"about":[{"href":"https:\/\/nordicdiy.ee\/sv\/wp-json\/wp\/v2\/types\/product"}],"wp:featuredmedia":[{"embeddable":true,"href":"https:\/\/nordicdiy.ee\/sv\/wp-json\/wp\/v2\/media\/28839"}],"wp:attachment":[{"href":"https:\/\/nordicdiy.ee\/sv\/wp-json\/wp\/v2\/media?parent=28790"}],"wp:term":[{"taxonomy":"product_brand","embeddable":true,"href":"https:\/\/nordicdiy.ee\/sv\/wp-json\/wp\/v2\/product_brand?post=28790"},{"taxonomy":"product_cat","embeddable":true,"href":"https:\/\/nordicdiy.ee\/sv\/wp-json\/wp\/v2\/product_cat?post=28790"},{"taxonomy":"product_tag","embeddable":true,"href":"https:\/\/nordicdiy.ee\/sv\/wp-json\/wp\/v2\/product_tag?post=28790"}],"curies":[{"name":"wp","href":"https:\/\/api.w.org\/{rel}","templated":true}]}}