{"id":28850,"date":"2026-03-03T10:47:58","date_gmt":"2026-03-03T07:47:58","guid":{"rendered":"https:\/\/nordicdiy.ee\/epood\/okategoriserad\/eterisk-olja-av-apelsin\/"},"modified":"2026-03-18T16:05:38","modified_gmt":"2026-03-18T13:05:38","slug":"eterisk-olja-av-apelsin","status":"publish","type":"product","link":"https:\/\/nordicdiy.ee\/sv\/epood\/tillverkning-av-tval\/andra-komponenter-for-tillverkning-av-tval\/eterisk-olja-av-apelsin\/","title":{"rendered":"Eterisk olja av apelsin"},"content":{"rendered":"<p><strong>Eterisk<\/strong> apelsinolja \u00e4r en av de mest popul\u00e4ra citrusoljorna och uppskattas f\u00f6r sin behagliga, soliga och energigivande doft. Oljan utvinns ur apelsinskal och inneh\u00e5ller naturliga f\u00f6reningar som st\u00f6der b\u00e5de fysiskt och emotionellt v\u00e4lbefinnande. <\/p>\n<p><strong>Funktioner och f\u00f6rdelar<\/strong><\/p>\n<ul>\n<li>Hj\u00e4lper till att lindra lindrig sm\u00e4rta och inflammation<\/li>\n<li>Har antioxidativa och antibakteriella egenskaper<\/li>\n<li>St\u00f6djer v\u00e5rden av problemhud (akne, fet hud).<\/li>\n<li>Hj\u00e4lper till att balansera kroppens fettproduktion<\/li>\n<li>H\u00f6jer hum\u00f6ret och minskar \u00e5ngest<\/li>\n<li>  Skapar en avkopplande och lugnande atmosf\u00e4r<\/li>\n<\/ul>\n<p>Eterisk olja av apelsin \u00e4r s\u00e4rskilt uppskattad inom aromaterapi, d\u00e4r den bidrar till att skapa en positiv och lugnande milj\u00f6. Dess fr\u00e4scha, s\u00f6ta doft \u00e4r idealisk f\u00f6r daglig anv\u00e4ndning eller f\u00f6r att balansera sinnet i tider av stress. <\/p>\n<p><strong>Anv\u00e4ndning av<\/strong><\/p>\n<ul>\n<li>Orange eterisk olja \u00e4r l\u00e4mplig f\u00f6r anv\u00e4ndning i:<\/li>\n<li>aromaterapi (diffusion, doftstenar)<\/li>\n<li>massageoljor (utsp\u00e4dda i basolja)<\/li>\n<li>i hudv\u00e5rdsprodukter (kr\u00e4mer, oljor - i enlighet med de h\u00f6gsta till\u00e5tna niv\u00e5erna).<\/li>\n<li>Badrumsprodukter<\/li>\n<\/ul>\n<p><strong>IFRA och s\u00e4kerhet<\/strong><\/p>\n<p>I enlighet med IFRA:s (International Fragrance Association) rekommendationer:<\/p>\n<p>Inte till\u00e5tet att anv\u00e4nda:<\/p>\n<ul>\n<li>i tv\u00e5lar och schampon<\/li>\n<li>hemdiffusorer med pinnar (vassdiffusor)<\/li>\n<li>tillverkning av stearinljus<\/li>\n<\/ul>\n<p>Godk\u00e4nd f\u00f6r anv\u00e4ndning i begr\u00e4nsade koncentrationer:<br \/>\n- i produkter som l\u00e4mnas kvar<br \/>\n- i aromaterapi.<\/p>\n<p>Vi rekommenderar att du alltid f\u00f6ljer s\u00e4kerhetsf\u00f6reskrifterna och anv\u00e4nder eteriska oljor outsp\u00e4dda.<\/p>\n<p><a href=\"https:\/\/goldelseou.sharepoint.com\/:f:\/s\/Nordicdiy.ee\/IgCT1Dpx9rUvRp805HZ9OlB6ATO1I6oyLAXeYGjOEp5NajM?e=RyQbhf\" target=\"_blank\" rel=\"noopener\"><strong>Ladda ner s\u00e4kerhetsdatablad (SDS), IFRA, allergen tabell h\u00e4r.<\/strong><\/a><\/p>\n<p>F\u00f6rvaring: Rekommenderad h\u00e5llbarhetstid \u00e4r 1 \u00e5r, men om produkten f\u00f6rvaras p\u00e5 r\u00e4tt s\u00e4tt (skyddas fr\u00e5n solljus, p\u00e5 en torr och sval plats) kan den anv\u00e4ndas i flera \u00e5r.<\/p>\n<p>VARNING!<\/p>\n<p><img decoding=\"async\" class=\"\" src=\"https:\/\/nordicdiy.ee\/wp-content\/uploads\/2025\/01\/terviseoht.jpg\" width=\"70\" height=\"70\"> <img decoding=\"async\" class=\"\" src=\"https:\/\/nordicdiy.ee\/wp-content\/uploads\/2025\/02\/keskkonnaoht.jpg\" width=\"70\" height=\"70\"> <img decoding=\"async\" class=\"\" src=\"https:\/\/nordicdiy.ee\/wp-content\/uploads\/2025\/02\/eriti-tuleohtlik.jpg\" width=\"70\" height=\"70\"> <img loading=\"lazy\" decoding=\"async\" class=\"\" src=\"https:\/\/nordicdiy.ee\/wp-content\/uploads\/2025\/02\/tosine-terviseoht.jpg\" width=\"70\" height=\"70\"><\/p>\n","protected":false},"excerpt":{"rendered":"<p>Orange Essential Oil \u00e4r en uppfriskande och s\u00f6t citrusdoftande naturlig olja som lyfter hum\u00f6ret, lugnar sinnet och fr\u00e4mjar hudens v\u00e4lbefinnande. Den har antibakteriella och antioxidativa egenskaper som hj\u00e4lper till att minska akne och fet hud. Idealisk f\u00f6r anv\u00e4ndning i aromaterapi och kroppsv\u00e5rd.  <\/p>\n","protected":false},"featured_media":28909,"template":"","meta":{"site-sidebar-layout":"default","site-content-layout":"","ast-site-content-layout":"default","site-content-style":"default","site-sidebar-style":"default","ast-global-header-display":"","ast-banner-title-visibility":"","ast-main-header-display":"","ast-hfb-above-header-display":"","ast-hfb-below-header-display":"","ast-hfb-mobile-header-display":"","site-post-title":"","ast-breadcrumbs-content":"","ast-featured-img":"","footer-sml-layout":"","ast-disable-related-posts":"","theme-transparent-header-meta":"default","adv-header-id-meta":"","stick-header-meta":"default","header-above-stick-meta":"","header-main-stick-meta":"","header-below-stick-meta":"","astra-migrate-meta-layouts":"default","ast-page-background-enabled":"default","ast-page-background-meta":{"desktop":{"background-color":"","background-image":"","background-repeat":"repeat","background-position":"center center","background-size":"auto","background-attachment":"scroll","background-type":"","background-media":"","overlay-type":"","overlay-color":"","overlay-opacity":"","overlay-gradient":""},"tablet":{"background-color":"","background-image":"","background-repeat":"repeat","background-position":"center center","background-size":"auto","background-attachment":"scroll","background-type":"","background-media":"","overlay-type":"","overlay-color":"","overlay-opacity":"","overlay-gradient":""},"mobile":{"background-color":"","background-image":"","background-repeat":"repeat","background-position":"center center","background-size":"auto","background-attachment":"scroll","background-type":"","background-media":"","overlay-type":"","overlay-color":"","overlay-opacity":"","overlay-gradient":""}},"ast-content-background-meta":{"desktop":{"background-color":"var(--ast-global-color-5)","background-image":"","background-repeat":"repeat","background-position":"center center","background-size":"auto","background-attachment":"scroll","background-type":"","background-media":"","overlay-type":"","overlay-color":"","overlay-opacity":"","overlay-gradient":""},"tablet":{"background-color":"var(--ast-global-color-5)","background-image":"","background-repeat":"repeat","background-position":"center center","background-size":"auto","background-attachment":"scroll","background-type":"","background-media":"","overlay-type":"","overlay-color":"","overlay-opacity":"","overlay-gradient":""},"mobile":{"background-color":"var(--ast-global-color-5)","background-image":"","background-repeat":"repeat","background-position":"center center","background-size":"auto","background-attachment":"scroll","background-type":"","background-media":"","overlay-type":"","overlay-color":"","overlay-opacity":"","overlay-gradient":""}}},"product_brand":[],"product_cat":[406,133,276,405,213],"product_tag":[],"class_list":{"0":"post-28850","1":"product","2":"type-product","3":"status-publish","4":"has-post-thumbnail","6":"product_cat-andra-komponenter-for-tillverkning-av-tval","7":"product_cat-aromoljor","8":"product_cat-beredning-av-kosmetika","9":"product_cat-eteriska-oljor","10":"product_cat-tillverkning-av-tval","11":"desktop-align-left","12":"tablet-align-left","13":"mobile-align-left","14":"ast-product-gallery-layout-horizontal","15":"ast-product-gallery-with-no-image","16":"ast-product-single-variable","17":"ast-product-tabs-layout-horizontal","19":"first","20":"instock","21":"taxable","22":"shipping-taxable","23":"purchasable","24":"product-type-variable"},"_links":{"self":[{"href":"https:\/\/nordicdiy.ee\/sv\/wp-json\/wp\/v2\/product\/28850","targetHints":{"allow":["GET"]}}],"collection":[{"href":"https:\/\/nordicdiy.ee\/sv\/wp-json\/wp\/v2\/product"}],"about":[{"href":"https:\/\/nordicdiy.ee\/sv\/wp-json\/wp\/v2\/types\/product"}],"wp:featuredmedia":[{"embeddable":true,"href":"https:\/\/nordicdiy.ee\/sv\/wp-json\/wp\/v2\/media\/28909"}],"wp:attachment":[{"href":"https:\/\/nordicdiy.ee\/sv\/wp-json\/wp\/v2\/media?parent=28850"}],"wp:term":[{"taxonomy":"product_brand","embeddable":true,"href":"https:\/\/nordicdiy.ee\/sv\/wp-json\/wp\/v2\/product_brand?post=28850"},{"taxonomy":"product_cat","embeddable":true,"href":"https:\/\/nordicdiy.ee\/sv\/wp-json\/wp\/v2\/product_cat?post=28850"},{"taxonomy":"product_tag","embeddable":true,"href":"https:\/\/nordicdiy.ee\/sv\/wp-json\/wp\/v2\/product_tag?post=28850"}],"curies":[{"name":"wp","href":"https:\/\/api.w.org\/{rel}","templated":true}]}}