{"id":29054,"date":"2026-03-01T12:41:00","date_gmt":"2026-03-01T09:41:00","guid":{"rendered":"https:\/\/nordicdiy.ee\/epood\/okategoriserad\/palmvax-britz-wax-bwc16\/"},"modified":"2026-03-19T13:10:19","modified_gmt":"2026-03-19T10:10:19","slug":"palmvax-britz-wax-bwc16","status":"publish","type":"product","link":"https:\/\/nordicdiy.ee\/sv\/epood\/tillverkning-av-stearinljus\/vaxer-for-stearinljus\/palmvax-britz-wax-bwc16\/","title":{"rendered":"Palmvax Britz Wax BWC16"},"content":{"rendered":"<p><strong>Palmvaxet BWC16<\/strong> \u00e4r l\u00e4mpligt f\u00f6r tillverkning av glasljus, pulverljus, men ocks\u00e5 mycket v\u00e4l l\u00e4mpat f\u00f6r votiv- och pelarljus. Den st\u00f6rsta skillnaden mellan palmvax och andra vaxer \u00e4r att det l\u00e4mnar en intressant kristallin textur och ett intressant m\u00f6nster p\u00e5 ljusen. N\u00e4r det g\u00e4ller pulverljus uppst\u00e5r den kristallina strukturen f\u00f6rst efter att ljuset har br\u00e4nts.  <\/p>\n<p>Vaxet brinner rent och l\u00e4nge, \u00e4r l\u00e4mpligt att anv\u00e4nda som doftt\u00e4ndstickor och \u00e4r biologiskt nedbrytbart och milj\u00f6v\u00e4nligt. R\u00e5materialet, som kommer fr\u00e5n helt naturliga palmfrukter, \u00e4r 100% naturligt och ekologiskt. <\/p>\n<p>Blanda inte med paraffin eller andra vaxer. Undvik att anv\u00e4nda kopparformar, material eller andra kopparbaserade processhj\u00e4lpmedel. De pastor, f\u00e4rg\u00e4mnen och doft\u00e4mnen som anv\u00e4nds i palmvaxljus kan ge olika resultat.   Wedo Bio-vekar \u00e4r l\u00e4mpliga, men j\u00e4mf\u00f6rt med ljus av Sojavax b\u00f6r en st\u00f6rre veke anv\u00e4ndas.<\/p>\n<p>Palmvaxer, inklusive BWC16, kan vara lite sv\u00e5rare att arbeta med \u00e4n andra vaxer eftersom deras egenskaper kan bero p\u00e5 den exakta temperaturen och gjutningsf\u00f6rh\u00e5llandena, men slutresultatet \u00e4r ofta ett unikt och vackert ljus.<\/p>\n<p>F\u00f6r Palm Wax BWC16 \u00e4r den rekommenderade procentsatsen f\u00f6r dofttillsats vanligtvis 6-8%, beroende p\u00e5 doftoljans intensitet och den \u00f6nskade doftstyrkan. Detta inneb\u00e4r att cirka 60-80 gram doftolja kan tills\u00e4ttas per 1 kg vax. Det \u00e4r b\u00e4st att tills\u00e4tta doften n\u00e4r vaxet har sm\u00e4lt till en temperatur p\u00e5 80-85\u00b0C f\u00f6r att s\u00e4kerst\u00e4lla en j\u00e4mn f\u00f6rdelning av doften.  <\/p>\n<p>Den rekommenderade h\u00e4lltemperaturen f\u00f6r Palm Wax BWC16 f\u00f6r glasljus \u00e4r vanligtvis mellan 80-90\u00b0C. Detta temperaturintervall hj\u00e4lper till att bibeh\u00e5lla vaxets f\u00f6rm\u00e5ga att kristallisera och s\u00e4kerst\u00e4ller ett enhetligt m\u00f6nster och god vidh\u00e4ftning till glaset. Det \u00e4r ocks\u00e5 viktigt att f\u00f6rv\u00e4rma k\u00e4rlet f\u00f6r att undvika sprickor och s\u00e4kerst\u00e4lla b\u00e4ttre vidh\u00e4ftning.  <\/p>\n","protected":false},"excerpt":{"rendered":"<p><strong>Palmvax BWC16 med iskristalleffekt<\/strong> \u00e4r l\u00e4mpligt f\u00f6r glasljus, votiv- och pelarljus och skapar en unik kristallstruktur. Detta rena och l\u00e5ngtidsbr\u00e4nnande biologiskt nedbrytbara vax \u00e4r 100% naturligt. Rekommenderad dofthalt \u00e4r 6-8% och h\u00e4lltemperaturen f\u00f6r glasljus \u00e4r 80-85\u00b0C, men inte \u00f6ver 90\u00b0C. Vaxet kan anv\u00e4ndas i en m\u00e4ngd olika applikationer. F\u00f6rv\u00e4rmning av glaset ger b\u00e4ttre vidh\u00e4ftning.   <\/p>\n","protected":false},"featured_media":5764,"template":"","meta":{"site-sidebar-layout":"default","site-content-layout":"","ast-site-content-layout":"default","site-content-style":"default","site-sidebar-style":"default","ast-global-header-display":"","ast-banner-title-visibility":"","ast-main-header-display":"","ast-hfb-above-header-display":"","ast-hfb-below-header-display":"","ast-hfb-mobile-header-display":"","site-post-title":"","ast-breadcrumbs-content":"","ast-featured-img":"","footer-sml-layout":"","ast-disable-related-posts":"","theme-transparent-header-meta":"default","adv-header-id-meta":"","stick-header-meta":"default","header-above-stick-meta":"","header-main-stick-meta":"","header-below-stick-meta":"","astra-migrate-meta-layouts":"default","ast-page-background-enabled":"default","ast-page-background-meta":{"desktop":{"background-color":"","background-image":"","background-repeat":"repeat","background-position":"center center","background-size":"auto","background-attachment":"scroll","background-type":"","background-media":"","overlay-type":"","overlay-color":"","overlay-opacity":"","overlay-gradient":""},"tablet":{"background-color":"","background-image":"","background-repeat":"repeat","background-position":"center center","background-size":"auto","background-attachment":"scroll","background-type":"","background-media":"","overlay-type":"","overlay-color":"","overlay-opacity":"","overlay-gradient":""},"mobile":{"background-color":"","background-image":"","background-repeat":"repeat","background-position":"center center","background-size":"auto","background-attachment":"scroll","background-type":"","background-media":"","overlay-type":"","overlay-color":"","overlay-opacity":"","overlay-gradient":""}},"ast-content-background-meta":{"desktop":{"background-color":"var(--ast-global-color-5)","background-image":"","background-repeat":"repeat","background-position":"center center","background-size":"auto","background-attachment":"scroll","background-type":"","background-media":"","overlay-type":"","overlay-color":"","overlay-opacity":"","overlay-gradient":""},"tablet":{"background-color":"var(--ast-global-color-5)","background-image":"","background-repeat":"repeat","background-position":"center center","background-size":"auto","background-attachment":"scroll","background-type":"","background-media":"","overlay-type":"","overlay-color":"","overlay-opacity":"","overlay-gradient":""},"mobile":{"background-color":"var(--ast-global-color-5)","background-image":"","background-repeat":"repeat","background-position":"center center","background-size":"auto","background-attachment":"scroll","background-type":"","background-media":"","overlay-type":"","overlay-color":"","overlay-opacity":"","overlay-gradient":""}}},"product_brand":[],"product_cat":[138,139],"product_tag":[],"class_list":{"0":"post-29054","1":"product","2":"type-product","3":"status-publish","4":"has-post-thumbnail","6":"product_cat-tillverkning-av-stearinljus","7":"product_cat-vaxer-for-stearinljus","8":"desktop-align-left","9":"tablet-align-left","10":"mobile-align-left","11":"ast-product-gallery-layout-horizontal","12":"ast-product-single-variable","13":"ast-product-tabs-layout-horizontal","15":"first","16":"instock","17":"taxable","18":"shipping-taxable","19":"purchasable","20":"product-type-variable"},"_links":{"self":[{"href":"https:\/\/nordicdiy.ee\/sv\/wp-json\/wp\/v2\/product\/29054","targetHints":{"allow":["GET"]}}],"collection":[{"href":"https:\/\/nordicdiy.ee\/sv\/wp-json\/wp\/v2\/product"}],"about":[{"href":"https:\/\/nordicdiy.ee\/sv\/wp-json\/wp\/v2\/types\/product"}],"wp:featuredmedia":[{"embeddable":true,"href":"https:\/\/nordicdiy.ee\/sv\/wp-json\/wp\/v2\/media\/5764"}],"wp:attachment":[{"href":"https:\/\/nordicdiy.ee\/sv\/wp-json\/wp\/v2\/media?parent=29054"}],"wp:term":[{"taxonomy":"product_brand","embeddable":true,"href":"https:\/\/nordicdiy.ee\/sv\/wp-json\/wp\/v2\/product_brand?post=29054"},{"taxonomy":"product_cat","embeddable":true,"href":"https:\/\/nordicdiy.ee\/sv\/wp-json\/wp\/v2\/product_cat?post=29054"},{"taxonomy":"product_tag","embeddable":true,"href":"https:\/\/nordicdiy.ee\/sv\/wp-json\/wp\/v2\/product_tag?post=29054"}],"curies":[{"name":"wp","href":"https:\/\/api.w.org\/{rel}","templated":true}]}}