{"id":29860,"date":"2026-04-22T15:58:36","date_gmt":"2026-04-22T12:58:36","guid":{"rendered":"https:\/\/nordicdiy.ee\/epood\/okategoriserad\/eterisk-olja-av-bergamott\/"},"modified":"2026-04-22T18:00:05","modified_gmt":"2026-04-22T15:00:05","slug":"eterisk-olja-av-bergamott","status":"publish","type":"product","link":"https:\/\/nordicdiy.ee\/sv\/epood\/tillverkning-av-tval\/andra-komponenter-for-tillverkning-av-tval\/eterisk-olja-av-bergamott\/","title":{"rendered":"Eterisk olja av bergamott"},"content":{"rendered":"<p><strong>Bergamott eterisk olja<\/strong> erh\u00e5lls fr\u00e5n bergamottskalet (Citrus bergamia) genom kallpressning, vilket bevarar dess naturliga aktiva ingredienser och karakteristiska eleganta arom. Oljan har en unik doft - frisk citrus med en delikat blommig och n\u00e5got bitter ton. <\/p>\n<p>Bergamottolja \u00e4r en av de mest uppskattade oljorna inom aromaterapi p\u00e5 grund av dess starka effekter p\u00e5 k\u00e4nslom\u00e4ssigt v\u00e4lbefinnande.<\/p>\n<p><strong>Funktioner och f\u00f6rdelar<\/strong><\/p>\n<ul>\n<li>Hj\u00e4lper till att lindra sm\u00e4rta och inflammation<\/li>\n<li>Lugnande och avslappnande effekt<\/li>\n<li>St\u00f6djer hudens \u00e5terh\u00e4mtning och regenerering<\/li>\n<li>Hj\u00e4lper till att minska stress, ilska och frustration<\/li>\n<li>St\u00f6djer kvalitet och<\/li>\n<li>Hj\u00e4lper till att hantera situationsbetingad \u00e5ngest p\u00e5 ett naturligt s\u00e4tt<\/li>\n<\/ul>\n<p>Eterisk olja av bergamott \u00e4r det perfekta valet om du vill skapa en lugn, balanserande och samtidigt lite uppfriskande atmosf\u00e4r.<\/p>\n<p><strong>Anv\u00e4ndning av<\/strong><\/p>\n<p>L\u00e4mplig f\u00f6r:<\/p>\n<ul>\n<li>aromaterapi (diffusorer, avslappnande blandningar)<\/li>\n<li>massageoljor (utsp\u00e4dda)<\/li>\n<li>kroppsv\u00e5rdsprodukter (kr\u00e4mer, oljor, parfymer)<\/li>\n<li>Badrumsprodukter<\/li>\n<li>avslappnande produkter och produkter som st\u00f6der s\u00f6mnkvaliteten<\/li>\n<\/ul>\n<p><strong>IFRA och s\u00e4kerhet<\/strong><\/p>\n<p>Eterisk olja av bergamott anv\u00e4nds ofta, men med viktiga begr\u00e4nsningar.<\/p>\n<p>Kan anv\u00e4ndas f\u00f6r:<\/p>\n<ul>\n<li>kroppsv\u00e5rdsprodukter<\/li>\n<li>i tv\u00e5lar och schampon<\/li>\n<li>inom parfymeri och hemdoft<\/li>\n<\/ul>\n<p>Viktigt:<\/p>\n<ul>\n<li>fototoxiska (s\u00e4rskilt den kallpressade varianten inneh\u00e5ller bergapten)<\/li>\n<li>undvik exponering f\u00f6r solljus i 12-24 timmar efter applicering p\u00e5 huden<\/li>\n<li>anv\u00e4nda utsp\u00e4dd<\/li>\n<li>  uppfyller IFRA:s gr\u00e4nsv\u00e4rden (mycket l\u00e5g % i leave-on-produkter)<\/li>\n<li>rekommenderas inte f\u00f6r stearinljus, eftersom doften f\u00f6rsvinner snabbt och ljuset inte brinner stadigt.<\/li>\n<\/ul>\n<p><a href=\"https:\/\/goldelseou.sharepoint.com\/:f:\/s\/Nordicdiy.ee\/IgBjYN4AObQrR7miq6BlhIdVAXg8d4zyPzIFLtbsCxmJN20?e=FkGpHC\" target=\"_blank\" rel=\"noopener\"><strong>Ladda ner s\u00e4kerhetsdatablad (SDS), IFRA, allergen tabell h\u00e4r.<\/strong><\/a><\/p>\n<p>F\u00f6rvaring: Rekommenderad h\u00e5llbarhetstid \u00e4r 1 \u00e5r, men om produkten f\u00f6rvaras p\u00e5 r\u00e4tt s\u00e4tt (skyddas fr\u00e5n solljus, p\u00e5 en torr och sval plats) kan den anv\u00e4ndas i flera \u00e5r.<\/p>\n","protected":false},"excerpt":{"rendered":"<p>Bergamott eterisk olja \u00e4r en frisk, n\u00e5got s\u00f6t, citrusaktig och blommig olja som lugnar sinnet, hj\u00e4lper till att minska stress och st\u00f6der k\u00e4nslom\u00e4ssig balans. Idealisk f\u00f6r avslappning och f\u00f6r att st\u00f6dja en god natts s\u00f6mn. <\/p>\n","protected":false},"featured_media":29932,"template":"","meta":{"site-sidebar-layout":"default","site-content-layout":"","ast-site-content-layout":"default","site-content-style":"default","site-sidebar-style":"default","ast-global-header-display":"","ast-banner-title-visibility":"","ast-main-header-display":"","ast-hfb-above-header-display":"","ast-hfb-below-header-display":"","ast-hfb-mobile-header-display":"","site-post-title":"","ast-breadcrumbs-content":"","ast-featured-img":"","footer-sml-layout":"","ast-disable-related-posts":"","theme-transparent-header-meta":"default","adv-header-id-meta":"","stick-header-meta":"default","header-above-stick-meta":"","header-main-stick-meta":"","header-below-stick-meta":"","astra-migrate-meta-layouts":"default","ast-page-background-enabled":"default","ast-page-background-meta":{"desktop":{"background-color":"","background-image":"","background-repeat":"repeat","background-position":"center center","background-size":"auto","background-attachment":"scroll","background-type":"","background-media":"","overlay-type":"","overlay-color":"","overlay-opacity":"","overlay-gradient":""},"tablet":{"background-color":"","background-image":"","background-repeat":"repeat","background-position":"center center","background-size":"auto","background-attachment":"scroll","background-type":"","background-media":"","overlay-type":"","overlay-color":"","overlay-opacity":"","overlay-gradient":""},"mobile":{"background-color":"","background-image":"","background-repeat":"repeat","background-position":"center center","background-size":"auto","background-attachment":"scroll","background-type":"","background-media":"","overlay-type":"","overlay-color":"","overlay-opacity":"","overlay-gradient":""}},"ast-content-background-meta":{"desktop":{"background-color":"var(--ast-global-color-5)","background-image":"","background-repeat":"repeat","background-position":"center center","background-size":"auto","background-attachment":"scroll","background-type":"","background-media":"","overlay-type":"","overlay-color":"","overlay-opacity":"","overlay-gradient":""},"tablet":{"background-color":"var(--ast-global-color-5)","background-image":"","background-repeat":"repeat","background-position":"center center","background-size":"auto","background-attachment":"scroll","background-type":"","background-media":"","overlay-type":"","overlay-color":"","overlay-opacity":"","overlay-gradient":""},"mobile":{"background-color":"var(--ast-global-color-5)","background-image":"","background-repeat":"repeat","background-position":"center center","background-size":"auto","background-attachment":"scroll","background-type":"","background-media":"","overlay-type":"","overlay-color":"","overlay-opacity":"","overlay-gradient":""}}},"product_brand":[],"product_cat":[406,133,405,213],"product_tag":[],"class_list":{"0":"post-29860","1":"product","2":"type-product","3":"status-publish","4":"has-post-thumbnail","6":"product_cat-andra-komponenter-for-tillverkning-av-tval","7":"product_cat-aromoljor","8":"product_cat-eteriska-oljor","9":"product_cat-tillverkning-av-tval","10":"desktop-align-left","11":"tablet-align-left","12":"mobile-align-left","13":"ast-product-gallery-layout-horizontal","14":"ast-product-gallery-with-no-image","15":"ast-product-single-variable","16":"ast-product-tabs-layout-horizontal","18":"first","19":"instock","20":"taxable","21":"shipping-taxable","22":"purchasable","23":"product-type-variable"},"_links":{"self":[{"href":"https:\/\/nordicdiy.ee\/sv\/wp-json\/wp\/v2\/product\/29860","targetHints":{"allow":["GET"]}}],"collection":[{"href":"https:\/\/nordicdiy.ee\/sv\/wp-json\/wp\/v2\/product"}],"about":[{"href":"https:\/\/nordicdiy.ee\/sv\/wp-json\/wp\/v2\/types\/product"}],"wp:featuredmedia":[{"embeddable":true,"href":"https:\/\/nordicdiy.ee\/sv\/wp-json\/wp\/v2\/media\/29932"}],"wp:attachment":[{"href":"https:\/\/nordicdiy.ee\/sv\/wp-json\/wp\/v2\/media?parent=29860"}],"wp:term":[{"taxonomy":"product_brand","embeddable":true,"href":"https:\/\/nordicdiy.ee\/sv\/wp-json\/wp\/v2\/product_brand?post=29860"},{"taxonomy":"product_cat","embeddable":true,"href":"https:\/\/nordicdiy.ee\/sv\/wp-json\/wp\/v2\/product_cat?post=29860"},{"taxonomy":"product_tag","embeddable":true,"href":"https:\/\/nordicdiy.ee\/sv\/wp-json\/wp\/v2\/product_tag?post=29860"}],"curies":[{"name":"wp","href":"https:\/\/api.w.org\/{rel}","templated":true}]}}