{"id":29885,"date":"2026-04-22T15:58:37","date_gmt":"2026-04-22T12:58:37","guid":{"rendered":"https:\/\/nordicdiy.ee\/epood\/okategoriserad\/eterisk-olja-grapefrukt\/"},"modified":"2026-04-22T17:58:17","modified_gmt":"2026-04-22T14:58:17","slug":"eterisk-olja-grapefrukt","status":"publish","type":"product","link":"https:\/\/nordicdiy.ee\/sv\/epood\/tillverkning-av-tval\/andra-komponenter-for-tillverkning-av-tval\/eterisk-olja-grapefrukt\/","title":{"rendered":"Eterisk olja Grapefrukt"},"content":{"rendered":"<p><strong>Grapefrukt eterisk olja<\/strong> erh\u00e5lls genom kallpressning av skalet fr\u00e5n grapefrukt (Citrus paradisi), vilket bidrar till att bevara oljans naturliga aktiva f\u00f6reningar och friska citrusarom. Oljan \u00e4r ljusgul till orange i f\u00e4rgen och har en syrlig, saftig och l\u00e4tt bitter arom. <\/p>\n<p>Grapefruktolja \u00e4r uppskattad f\u00f6r sina reng\u00f6rande, tonande och energigivande egenskaper och anv\u00e4nds ofta inom hudv\u00e5rd och aromaterapi.<\/p>\n<p><strong>Funktioner och f\u00f6rdelar<\/strong><\/p>\n<ul>\n<li>Uppfriskande och reng\u00f6rande verkan<\/li>\n<li>Hj\u00e4lper till att lindra lindrig sm\u00e4rta och inflammation<\/li>\n<li>St\u00f6djer hudens elasticitet och ton<\/li>\n<li>Hj\u00e4lper till att f\u00f6ryngra och fr\u00e4scha upp huden<\/li>\n<li>Kan hj\u00e4lpa till med fet och problemfylld hudv\u00e5rd<\/li>\n<li>  H\u00f6jer hum\u00f6ret och minskar tr\u00f6tthet<\/li>\n<\/ul>\n<p>Den eteriska oljan Greib \u00e4r idealisk f\u00f6r anv\u00e4ndning p\u00e5 morgonen och hj\u00e4lper till att v\u00e4cka sinnena och skapa en energisk och positiv start p\u00e5 dagen.<\/p>\n<p><strong>Anv\u00e4ndning av<\/strong><\/p>\n<p>L\u00e4mplig f\u00f6r:<\/p>\n<ul>\n<li>aromaterapi (diffusor, rumsdoftning)<\/li>\n<li>massageoljor (utsp\u00e4dda)<\/li>\n<li>kroppsv\u00e5rdsprodukter (kr\u00e4mer, oljor, kroppsskrubb)<\/li>\n<li>i anti-cellulitprodukter<\/li>\n<li>f\u00f6r hemv\u00e5rd och f\u00f6r att fr\u00e4scha upp luften<\/li>\n<\/ul>\n<p><strong>IFRA och s\u00e4kerhet<\/strong><\/p>\n<p>Grapefrukt eterisk olja anv\u00e4nds ofta, men med begr\u00e4nsningarna av citrus.<\/p>\n<p>Kan anv\u00e4ndas f\u00f6r:<\/p>\n<ul>\n<li>kroppsv\u00e5rdsprodukter<\/li>\n<li>i tv\u00e5lar och schampon<\/li>\n<li>inom parfymeri och hemdoft<\/li>\n<\/ul>\n<p><strong><span style=\"font-size: 16px;\">Viktigt:<\/span><\/strong><\/p>\n<ul>\n<li>fototoxiska (kan orsaka hudk\u00e4nslighet f\u00f6r UV-str\u00e5lning)<\/li>\n<li>Undvik direkt solljus under 12-24 timmar efter applicering p\u00e5 huden<\/li>\n<li>anv\u00e4nda utsp\u00e4dd<\/li>\n<li>uppfyller IFRA:s gr\u00e4nsv\u00e4rden (s\u00e4rskilt l\u00e4gre % i produkter som l\u00e4mnas kvar p\u00e5 huden).<\/li>\n<li>rekommenderas inte f\u00f6r stearinljus, eftersom doften f\u00f6rsvinner snabbt och ljuset inte brinner stadigt.<\/li>\n<\/ul>\n<p>Vi rekommenderar att du alltid f\u00f6ljer s\u00e4kerhetsf\u00f6reskrifterna och anv\u00e4nder eteriska oljor outsp\u00e4dda.<\/p>\n<p><a href=\"https:\/\/goldelseou.sharepoint.com\/:f:\/s\/Nordicdiy.ee\/IgCT1Dpx9rUvRp805HZ9OlB6ATO1I6oyLAXeYGjOEp5NajM?e=RyQbhf\" target=\"_blank\" rel=\"noopener\"><strong>Ladda ner s\u00e4kerhetsdatablad (SDS), IFRA, allergen tabell h\u00e4r.<\/strong><\/a><\/p>\n<p>F\u00f6rvaring: Rekommenderad h\u00e5llbarhetstid \u00e4r 1 \u00e5r, men om produkten f\u00f6rvaras p\u00e5 r\u00e4tt s\u00e4tt (skyddas fr\u00e5n solljus, p\u00e5 en torr och sval plats) kan den anv\u00e4ndas i flera \u00e5r.<\/p>\n<p>VARNING!<\/p>\n<p>&nbsp;<\/p>\n","protected":false},"excerpt":{"rendered":"<p>Den eteriska oljan Greib \u00e4r en frisk, l\u00e4tt bitter och citrusaktig olja som reng\u00f6r, tonar och st\u00e4rker b\u00e5de kropp och sj\u00e4l. Den hj\u00e4lper till att f\u00f6rb\u00e4ttra hudens utseende och lyfter hum\u00f6ret, vilket skapar en energisk och positiv atmosf\u00e4r. <\/p>\n","protected":false},"featured_media":29926,"template":"","meta":{"site-sidebar-layout":"default","site-content-layout":"","ast-site-content-layout":"default","site-content-style":"default","site-sidebar-style":"default","ast-global-header-display":"","ast-banner-title-visibility":"","ast-main-header-display":"","ast-hfb-above-header-display":"","ast-hfb-below-header-display":"","ast-hfb-mobile-header-display":"","site-post-title":"","ast-breadcrumbs-content":"","ast-featured-img":"","footer-sml-layout":"","ast-disable-related-posts":"","theme-transparent-header-meta":"default","adv-header-id-meta":"","stick-header-meta":"default","header-above-stick-meta":"","header-main-stick-meta":"","header-below-stick-meta":"","astra-migrate-meta-layouts":"default","ast-page-background-enabled":"default","ast-page-background-meta":{"desktop":{"background-color":"","background-image":"","background-repeat":"repeat","background-position":"center center","background-size":"auto","background-attachment":"scroll","background-type":"","background-media":"","overlay-type":"","overlay-color":"","overlay-opacity":"","overlay-gradient":""},"tablet":{"background-color":"","background-image":"","background-repeat":"repeat","background-position":"center center","background-size":"auto","background-attachment":"scroll","background-type":"","background-media":"","overlay-type":"","overlay-color":"","overlay-opacity":"","overlay-gradient":""},"mobile":{"background-color":"","background-image":"","background-repeat":"repeat","background-position":"center center","background-size":"auto","background-attachment":"scroll","background-type":"","background-media":"","overlay-type":"","overlay-color":"","overlay-opacity":"","overlay-gradient":""}},"ast-content-background-meta":{"desktop":{"background-color":"var(--ast-global-color-5)","background-image":"","background-repeat":"repeat","background-position":"center center","background-size":"auto","background-attachment":"scroll","background-type":"","background-media":"","overlay-type":"","overlay-color":"","overlay-opacity":"","overlay-gradient":""},"tablet":{"background-color":"var(--ast-global-color-5)","background-image":"","background-repeat":"repeat","background-position":"center center","background-size":"auto","background-attachment":"scroll","background-type":"","background-media":"","overlay-type":"","overlay-color":"","overlay-opacity":"","overlay-gradient":""},"mobile":{"background-color":"var(--ast-global-color-5)","background-image":"","background-repeat":"repeat","background-position":"center center","background-size":"auto","background-attachment":"scroll","background-type":"","background-media":"","overlay-type":"","overlay-color":"","overlay-opacity":"","overlay-gradient":""}}},"product_brand":[],"product_cat":[406,133,192,405,213],"product_tag":[],"class_list":{"0":"post-29885","1":"product","2":"type-product","3":"status-publish","4":"has-post-thumbnail","6":"product_cat-andra-komponenter-for-tillverkning-av-tval","7":"product_cat-aromoljor","8":"product_cat-dofter-av-stearinljus","9":"product_cat-eteriska-oljor","10":"product_cat-tillverkning-av-tval","11":"desktop-align-left","12":"tablet-align-left","13":"mobile-align-left","14":"ast-product-gallery-layout-horizontal","15":"ast-product-gallery-with-no-image","16":"ast-product-single-variable","17":"ast-product-tabs-layout-horizontal","19":"first","20":"instock","21":"taxable","22":"shipping-taxable","23":"purchasable","24":"product-type-variable"},"_links":{"self":[{"href":"https:\/\/nordicdiy.ee\/sv\/wp-json\/wp\/v2\/product\/29885","targetHints":{"allow":["GET"]}}],"collection":[{"href":"https:\/\/nordicdiy.ee\/sv\/wp-json\/wp\/v2\/product"}],"about":[{"href":"https:\/\/nordicdiy.ee\/sv\/wp-json\/wp\/v2\/types\/product"}],"wp:featuredmedia":[{"embeddable":true,"href":"https:\/\/nordicdiy.ee\/sv\/wp-json\/wp\/v2\/media\/29926"}],"wp:attachment":[{"href":"https:\/\/nordicdiy.ee\/sv\/wp-json\/wp\/v2\/media?parent=29885"}],"wp:term":[{"taxonomy":"product_brand","embeddable":true,"href":"https:\/\/nordicdiy.ee\/sv\/wp-json\/wp\/v2\/product_brand?post=29885"},{"taxonomy":"product_cat","embeddable":true,"href":"https:\/\/nordicdiy.ee\/sv\/wp-json\/wp\/v2\/product_cat?post=29885"},{"taxonomy":"product_tag","embeddable":true,"href":"https:\/\/nordicdiy.ee\/sv\/wp-json\/wp\/v2\/product_tag?post=29885"}],"curies":[{"name":"wp","href":"https:\/\/api.w.org\/{rel}","templated":true}]}}