{"id":30046,"date":"2026-04-09T15:58:35","date_gmt":"2026-04-09T12:58:35","guid":{"rendered":"https:\/\/nordicdiy.ee\/epood\/okategoriserad\/metallburk-med-svart-lock-for-stearinljus-100-ml\/"},"modified":"2026-04-24T17:20:33","modified_gmt":"2026-04-24T14:20:33","slug":"metallburk-med-svart-lock-for-stearinljus-100-ml","status":"publish","type":"product","link":"https:\/\/nordicdiy.ee\/sv\/epood\/tillverkning-av-stearinljus\/glas-och-lock-till-stearinljus\/metallburk-med-svart-lock-for-stearinljus-100-ml\/","title":{"rendered":"Metallburk med svart lock f\u00f6r stearinljus - 100 ml"},"content":{"rendered":"<p class=\"\" data-start=\"287\" data-end=\"548\">Snygg och robust <strong data-start=\"309\" data-end=\"329\">svart metallburk<\/strong> f\u00f6r ljusst\u00f6pning. Perfekt f\u00f6r hemmabruk s\u00e5v\u00e4l som f\u00f6r professionella tillverkare. Ljush\u00e5llaren i metall levereras med ett lock som skyddar ljuset fr\u00e5n damm och g\u00f6r att produkten ser elegant ut.  <\/p>\n<p class=\"\" data-start=\"550\" data-end=\"662\"><strong data-start=\"550\" data-end=\"564\">Kapacitet:<\/strong> 100 ml<br data-start=\"571\" data-end=\"574\"><strong data-start=\"574\" data-end=\"585\">M\u00e5tt:<\/strong> h\u00f6jd 4,2 cm, diameter 6,4 cm<br data-start=\"617\" data-end=\"620\"> Material: metall<br data-start=\"640\" data-end=\"643\"><strong data-start=\"643\" data-end=\"654\">F\u00e4rg:<\/strong> svart<\/p>\n<p class=\"\" data-start=\"664\" data-end=\"730\">L\u00e4gg bara i veken, h\u00e4ll i sm\u00e4ltande vax och skapa ditt eget personliga ljus!<\/p>\n","protected":false},"excerpt":{"rendered":"<p>En elegant och h\u00e5llbar <strong data-start=\"309\" data-end=\"329\">burk i svart metall<\/strong> \u00e4r det perfekta valet f\u00f6r ljusst\u00f6pning. L\u00e4mplig f\u00f6r anv\u00e4ndning med en m\u00e4ngd olika vaxer s\u00e5som sojavax, paraffin, rapsvax, bivax och palmvax. Ljush\u00e5llaren i metall levereras med ett lock som skyddar ljuset fr\u00e5n damm samtidigt som det ger ett snyggt utseende.  <\/p>\n","protected":false},"featured_media":30070,"template":"","meta":{"site-sidebar-layout":"default","site-content-layout":"","ast-site-content-layout":"default","site-content-style":"default","site-sidebar-style":"default","ast-global-header-display":"","ast-banner-title-visibility":"","ast-main-header-display":"","ast-hfb-above-header-display":"","ast-hfb-below-header-display":"","ast-hfb-mobile-header-display":"","site-post-title":"","ast-breadcrumbs-content":"","ast-featured-img":"","footer-sml-layout":"","ast-disable-related-posts":"","theme-transparent-header-meta":"default","adv-header-id-meta":"","stick-header-meta":"default","header-above-stick-meta":"","header-main-stick-meta":"","header-below-stick-meta":"","astra-migrate-meta-layouts":"set","ast-page-background-enabled":"default","ast-page-background-meta":{"desktop":{"background-color":"","background-image":"","background-repeat":"repeat","background-position":"center center","background-size":"auto","background-attachment":"scroll","background-type":"","background-media":"","overlay-type":"","overlay-color":"","overlay-opacity":"","overlay-gradient":""},"tablet":{"background-color":"","background-image":"","background-repeat":"repeat","background-position":"center center","background-size":"auto","background-attachment":"scroll","background-type":"","background-media":"","overlay-type":"","overlay-color":"","overlay-opacity":"","overlay-gradient":""},"mobile":{"background-color":"","background-image":"","background-repeat":"repeat","background-position":"center center","background-size":"auto","background-attachment":"scroll","background-type":"","background-media":"","overlay-type":"","overlay-color":"","overlay-opacity":"","overlay-gradient":""}},"ast-content-background-meta":{"desktop":{"background-color":"var(--ast-global-color-5)","background-image":"","background-repeat":"repeat","background-position":"center center","background-size":"auto","background-attachment":"scroll","background-type":"","background-media":"","overlay-type":"","overlay-color":"","overlay-opacity":"","overlay-gradient":""},"tablet":{"background-color":"var(--ast-global-color-5)","background-image":"","background-repeat":"repeat","background-position":"center center","background-size":"auto","background-attachment":"scroll","background-type":"","background-media":"","overlay-type":"","overlay-color":"","overlay-opacity":"","overlay-gradient":""},"mobile":{"background-color":"var(--ast-global-color-5)","background-image":"","background-repeat":"repeat","background-position":"center center","background-size":"auto","background-attachment":"scroll","background-type":"","background-media":"","overlay-type":"","overlay-color":"","overlay-opacity":"","overlay-gradient":""}}},"product_brand":[],"product_cat":[162,138],"product_tag":[],"class_list":{"0":"post-30046","1":"product","2":"type-product","3":"status-publish","4":"has-post-thumbnail","6":"product_cat-glas-och-lock-till-stearinljus","7":"product_cat-tillverkning-av-stearinljus","8":"desktop-align-left","9":"tablet-align-left","10":"mobile-align-left","11":"ast-product-gallery-layout-horizontal","12":"ast-product-gallery-with-no-image","13":"ast-product-tabs-layout-horizontal","15":"first","16":"instock","17":"taxable","18":"shipping-taxable","19":"purchasable","20":"product-type-simple"},"_links":{"self":[{"href":"https:\/\/nordicdiy.ee\/sv\/wp-json\/wp\/v2\/product\/30046","targetHints":{"allow":["GET"]}}],"collection":[{"href":"https:\/\/nordicdiy.ee\/sv\/wp-json\/wp\/v2\/product"}],"about":[{"href":"https:\/\/nordicdiy.ee\/sv\/wp-json\/wp\/v2\/types\/product"}],"wp:featuredmedia":[{"embeddable":true,"href":"https:\/\/nordicdiy.ee\/sv\/wp-json\/wp\/v2\/media\/30070"}],"wp:attachment":[{"href":"https:\/\/nordicdiy.ee\/sv\/wp-json\/wp\/v2\/media?parent=30046"}],"wp:term":[{"taxonomy":"product_brand","embeddable":true,"href":"https:\/\/nordicdiy.ee\/sv\/wp-json\/wp\/v2\/product_brand?post=30046"},{"taxonomy":"product_cat","embeddable":true,"href":"https:\/\/nordicdiy.ee\/sv\/wp-json\/wp\/v2\/product_cat?post=30046"},{"taxonomy":"product_tag","embeddable":true,"href":"https:\/\/nordicdiy.ee\/sv\/wp-json\/wp\/v2\/product_tag?post=30046"}],"curies":[{"name":"wp","href":"https:\/\/api.w.org\/{rel}","templated":true}]}}